{"id":58,"date":"2021-03-01T15:24:30","date_gmt":"2021-03-01T15:24:30","guid":{"rendered":"https:\/\/www.roederconsulting.net\/?page_id=58"},"modified":"2023-01-25T15:48:30","modified_gmt":"2023-01-25T15:48:30","slug":"impressum","status":"publish","type":"page","link":"https:\/\/www.roederconsulting.net\/?page_id=58","title":{"rendered":"Impressum"},"content":{"rendered":"\n<p>Angaben gem\u00e4\u00df \u00a7 5 TMG<\/p>\n\n\n\n<p>Sandro R\u00f6der<br>Valerystr. 59<br>85716 Unterschlei\u00dfheim<br><\/p>\n\n\n\n<p><strong>Vertreten durch:<\/strong><br>Sandro R\u00f6der<br><\/p>\n\n\n\n<p><strong>Kontakt:<\/strong><br>Telefon: +49-(0)15127067144<br>E-Mail: <a href=\"mailto:sandro.roeder@gmail.com\">sandro.roeder@roederconsulting.net<\/a><\/p>\n\n\n\n<p><strong>Umsatzsteuer-ID:<\/strong><br>Umsatzsteuer-Identifikationsnummer gem\u00e4\u00df \u00a727a Umsatzsteuergesetz: DE323062574<br><br><strong>Wirtschafts-ID:<\/strong><br><br><\/p>\n\n\n\n<p><strong>Verantwortlich f\u00fcr den Inhalt nach \u00a7 55 Abs. 2 RStV:<\/strong><br>Sandro R\u00f6der<br>Lindacher Str. 18<br>81249 M\u00fcnchen<\/p>\n\n\n\n<p><strong>Haftungsausschluss:<\/strong><br><br><strong>Haftung f\u00fcr Links<\/strong><br><br>Unser Angebot enth\u00e4lt Links zu externen Webseiten Dritter, auf deren Inhalte wir keinen Einfluss haben. Deshalb k\u00f6nnen wir f\u00fcr diese fremden Inhalte auch keine Gew\u00e4hr \u00fcbernehmen. F\u00fcr die Inhalte der verlinkten Seiten ist stets der jeweilige Anbieter oder Betreiber der Seiten verantwortlich. Die verlinkten Seiten wurden zum Zeitpunkt der Verlinkung auf m\u00f6gliche Rechtsverst\u00f6\u00dfe \u00fcberpr\u00fcft. Rechtswidrige Inhalte waren zum Zeitpunkt der Verlinkung nicht erkennbar. Eine permanente inhaltliche Kontrolle der verlinkten Seiten ist jedoch ohne konkrete Anhaltspunkte einer Rechtsverletzung nicht zumutbar. Bei Bekanntwerden von Rechtsverletzungen werden wir derartige Links umgehend entfernen.<br>Website Impressum erstellt durch <a href=\"https:\/\/www.impressum-generator.de\">impressum-generator.de<\/a> von der <a href=\"https:\/\/www.kanzlei-hasselbach.de\/\">Kanzlei Hasselbach<\/a><\/p>\n","protected":false},"excerpt":{"rendered":"<p>Angaben gem\u00e4\u00df \u00a7 5 TMG Sandro R\u00f6derValerystr. 5985716 Unterschlei\u00dfheim Vertreten durch:Sandro R\u00f6der Kontakt:Telefon: +49-(0)15127067144E-Mail: sandro.roeder@roederconsulting.net Umsatzsteuer-ID:Umsatzsteuer-Identifikationsnummer gem\u00e4\u00df \u00a727a Umsatzsteuergesetz: DE323062574 Wirtschafts-ID: Verantwortlich f\u00fcr den Inhalt nach \u00a7 55 Abs. 2 RStV:Sandro R\u00f6derLindacher Str. 1881249 M\u00fcnchen Haftungsausschluss: Haftung f\u00fcr Links Unser Angebot enth\u00e4lt Links zu externen Webseiten Dritter, auf deren Inhalte wir keinen Einfluss haben. Deshalb<\/p><\/div>\n<div class=\"blog-btn\"><a href=\"https:\/\/www.roederconsulting.net\/?page_id=58\" class=\"home-blog-btn\">Read More<\/a><\/p>\n","protected":false},"author":1,"featured_media":0,"parent":140,"menu_order":6,"comment_status":"closed","ping_status":"closed","template":"template\/template-page-full-width.php","meta":{"inline_featured_image":false,"footnotes":""},"class_list":["post-58","page","type-page","status-publish","hentry"],"_links":{"self":[{"href":"https:\/\/www.roederconsulting.net\/index.php?rest_route=\/wp\/v2\/pages\/58","targetHints":{"allow":["GET"]}}],"collection":[{"href":"https:\/\/www.roederconsulting.net\/index.php?rest_route=\/wp\/v2\/pages"}],"about":[{"href":"https:\/\/www.roederconsulting.net\/index.php?rest_route=\/wp\/v2\/types\/page"}],"author":[{"embeddable":true,"href":"https:\/\/www.roederconsulting.net\/index.php?rest_route=\/wp\/v2\/users\/1"}],"replies":[{"embeddable":true,"href":"https:\/\/www.roederconsulting.net\/index.php?rest_route=%2Fwp%2Fv2%2Fcomments&post=58"}],"version-history":[{"count":3,"href":"https:\/\/www.roederconsulting.net\/index.php?rest_route=\/wp\/v2\/pages\/58\/revisions"}],"predecessor-version":[{"id":298,"href":"https:\/\/www.roederconsulting.net\/index.php?rest_route=\/wp\/v2\/pages\/58\/revisions\/298"}],"up":[{"embeddable":true,"href":"https:\/\/www.roederconsulting.net\/index.php?rest_route=\/wp\/v2\/pages\/140"}],"wp:attachment":[{"href":"https:\/\/www.roederconsulting.net\/index.php?rest_route=%2Fwp%2Fv2%2Fmedia&parent=58"}],"curies":[{"name":"wp","href":"https:\/\/api.w.org\/{rel}","templated":true}]}}