{"id":21,"date":"2021-02-27T12:30:20","date_gmt":"2021-02-27T12:30:20","guid":{"rendered":"https:\/\/www.roederconsulting.net\/?page_id=21"},"modified":"2026-01-03T22:09:44","modified_gmt":"2026-01-03T22:09:44","slug":"home","status":"publish","type":"page","link":"https:\/\/www.roederconsulting.net\/","title":{"rendered":"Home"},"content":{"rendered":"\n<p><\/p>\n\n\n\n<h1 class=\"wp-block-heading has-text-align-center\">Wertbeitrag der IT Business Analyse in komplexen Organisationen<\/h1>\n\n\n\n<div class=\"widget-separator\"><span><\/span><\/div>\n\n\n\n<p class=\"has-text-align-center\">In komplexen Enterprise- und Plattformumgebungen leistet IT Business Analyse weit mehr als die Erhebung von Anforderungen. Sie schafft belastbare Entscheidungsgrundlagen, reduziert Umsetzungsrisiken und stellt sicher, dass fachliche Ziele, technische Machbarkeit und wirtschaftliche Rahmenbedingungen konsistent zusammengef\u00fchrt werden.<\/p>\n\n\n\n<p class=\"has-text-align-center\">Als Senior IT Business Analyst und Product Owner \u00fcbernehme ich diese Rolle hands-on und verantwortungsnah \u2013 von der strukturierten Anforderungskl\u00e4rung \u00fcber die Priorisierung fachlicher und technischer Abh\u00e4ngigkeiten bis zur \u00dcbersetzung in umsetzbare Produkt- und Backlog-Strukturen. Dabei agiere ich an der Schnittstelle von Fachbereichen, IT-Architektur, Entwicklung und Management und unterst\u00fctze aktiv Entscheidungsprozesse auf unterschiedlichen Ebenen.<\/p>\n\n\n\n<p class=\"has-text-align-center\">Insbesondere in internationalen und regulierten Kontexten tr\u00e4gt diese Kombination aus IT Business Analyse und Product Ownership dazu bei, komplexe Vorhaben steuerbar zu machen, Transparenz zu schaffen und digitale Produkte zielgerichtet und nachhaltig zu realisieren.<\/p>\n","protected":false},"excerpt":{"rendered":"<p>Wertbeitrag der IT Business Analyse in komplexen Organisationen In komplexen Enterprise- und Plattformumgebungen leistet IT Business Analyse weit mehr als die Erhebung von Anforderungen. Sie schafft belastbare Entscheidungsgrundlagen, reduziert Umsetzungsrisiken und stellt sicher, dass fachliche Ziele, technische Machbarkeit und wirtschaftliche Rahmenbedingungen konsistent zusammengef\u00fchrt werden. Als Senior IT Business Analyst und Product Owner \u00fcbernehme ich diese<\/p><\/div>\n<div class=\"blog-btn\"><a href=\"https:\/\/www.roederconsulting.net\/\" class=\"home-blog-btn\">Read More<\/a><\/p>\n","protected":false},"author":1,"featured_media":0,"parent":0,"menu_order":0,"comment_status":"closed","ping_status":"closed","template":"template-business.php","meta":{"inline_featured_image":false,"footnotes":""},"class_list":["post-21","page","type-page","status-publish","hentry"],"_links":{"self":[{"href":"https:\/\/www.roederconsulting.net\/index.php?rest_route=\/wp\/v2\/pages\/21","targetHints":{"allow":["GET"]}}],"collection":[{"href":"https:\/\/www.roederconsulting.net\/index.php?rest_route=\/wp\/v2\/pages"}],"about":[{"href":"https:\/\/www.roederconsulting.net\/index.php?rest_route=\/wp\/v2\/types\/page"}],"author":[{"embeddable":true,"href":"https:\/\/www.roederconsulting.net\/index.php?rest_route=\/wp\/v2\/users\/1"}],"replies":[{"embeddable":true,"href":"https:\/\/www.roederconsulting.net\/index.php?rest_route=%2Fwp%2Fv2%2Fcomments&post=21"}],"version-history":[{"count":10,"href":"https:\/\/www.roederconsulting.net\/index.php?rest_route=\/wp\/v2\/pages\/21\/revisions"}],"predecessor-version":[{"id":871,"href":"https:\/\/www.roederconsulting.net\/index.php?rest_route=\/wp\/v2\/pages\/21\/revisions\/871"}],"wp:attachment":[{"href":"https:\/\/www.roederconsulting.net\/index.php?rest_route=%2Fwp%2Fv2%2Fmedia&parent=21"}],"curies":[{"name":"wp","href":"https:\/\/api.w.org\/{rel}","templated":true}]}}